{"id":68,"date":"2025-05-27T15:08:01","date_gmt":"2025-05-27T13:08:01","guid":{"rendered":"https:\/\/mmushla.bplaced.net\/wordpress\/?page_id=68"},"modified":"2025-05-27T15:08:01","modified_gmt":"2025-05-27T13:08:01","slug":"wanderung","status":"publish","type":"page","link":"https:\/\/mmushla.bplaced.net\/wordpress\/wanderung\/","title":{"rendered":"Wanderung"},"content":{"rendered":"\n<p>Eine \u00dcbersicht der sch\u00f6nsten Wanderungen in Ober\u00f6sterreich<\/p>\n\n\n\n<figure class=\"wp-block-gallery has-nested-images columns-default is-cropped wp-block-gallery-1 is-layout-flex wp-block-gallery-is-layout-flex\">\n<figure class=\"wp-block-image size-large is-style-rounded\"><img loading=\"lazy\" decoding=\"async\" width=\"752\" height=\"500\" data-id=\"27\" src=\"https:\/\/mmushla.bplaced.net\/wordpress\/wp-content\/uploads\/2025\/05\/card-blog4-1.jpg\" alt=\"\" class=\"wp-image-27\" srcset=\"https:\/\/mmushla.bplaced.net\/wordpress\/wp-content\/uploads\/2025\/05\/card-blog4-1.jpg 752w, https:\/\/mmushla.bplaced.net\/wordpress\/wp-content\/uploads\/2025\/05\/card-blog4-1-300x199.jpg 300w, https:\/\/mmushla.bplaced.net\/wordpress\/wp-content\/uploads\/2025\/05\/card-blog4-1-360x240.jpg 360w\" sizes=\"auto, (max-width: 752px) 100vw, 752px\" \/><\/figure>\n\n\n\n<figure class=\"wp-block-image size-large is-style-rounded\"><img loading=\"lazy\" decoding=\"async\" width=\"1024\" height=\"589\" data-id=\"40\" src=\"https:\/\/mmushla.bplaced.net\/wordpress\/wp-content\/uploads\/2025\/05\/cropped-cropped-donau-scaled-1-1024x589.jpg\" alt=\"\" class=\"wp-image-40\" srcset=\"https:\/\/mmushla.bplaced.net\/wordpress\/wp-content\/uploads\/2025\/05\/cropped-cropped-donau-scaled-1-1024x589.jpg 1024w, https:\/\/mmushla.bplaced.net\/wordpress\/wp-content\/uploads\/2025\/05\/cropped-cropped-donau-scaled-1-300x173.jpg 300w, https:\/\/mmushla.bplaced.net\/wordpress\/wp-content\/uploads\/2025\/05\/cropped-cropped-donau-scaled-1-768x442.jpg 768w, https:\/\/mmushla.bplaced.net\/wordpress\/wp-content\/uploads\/2025\/05\/cropped-cropped-donau-scaled-1-1536x883.jpg 1536w, https:\/\/mmushla.bplaced.net\/wordpress\/wp-content\/uploads\/2025\/05\/cropped-cropped-donau-scaled-1.jpg 2000w\" sizes=\"auto, (max-width: 1024px) 100vw, 1024px\" \/><figcaption class=\"wp-element-caption\">Oberm\u00fchle an der Donau<\/figcaption><\/figure>\n\n\n\n<figure class=\"wp-block-image size-large is-style-rounded\"><img loading=\"lazy\" decoding=\"async\" width=\"800\" height=\"533\" data-id=\"28\" src=\"https:\/\/mmushla.bplaced.net\/wordpress\/wp-content\/uploads\/2025\/05\/card-blog5-1.jpg\" alt=\"\" class=\"wp-image-28\" srcset=\"https:\/\/mmushla.bplaced.net\/wordpress\/wp-content\/uploads\/2025\/05\/card-blog5-1.jpg 800w, https:\/\/mmushla.bplaced.net\/wordpress\/wp-content\/uploads\/2025\/05\/card-blog5-1-300x200.jpg 300w, https:\/\/mmushla.bplaced.net\/wordpress\/wp-content\/uploads\/2025\/05\/card-blog5-1-768x512.jpg 768w, https:\/\/mmushla.bplaced.net\/wordpress\/wp-content\/uploads\/2025\/05\/card-blog5-1-360x240.jpg 360w\" sizes=\"auto, (max-width: 800px) 100vw, 800px\" \/><\/figure>\n\n\n\n<figure class=\"wp-block-image size-large is-style-rounded\"><img loading=\"lazy\" decoding=\"async\" width=\"800\" height=\"533\" data-id=\"24\" src=\"https:\/\/mmushla.bplaced.net\/wordpress\/wp-content\/uploads\/2025\/05\/card-blog1-1.jpg\" alt=\"\" class=\"wp-image-24\" srcset=\"https:\/\/mmushla.bplaced.net\/wordpress\/wp-content\/uploads\/2025\/05\/card-blog1-1.jpg 800w, https:\/\/mmushla.bplaced.net\/wordpress\/wp-content\/uploads\/2025\/05\/card-blog1-1-300x200.jpg 300w, https:\/\/mmushla.bplaced.net\/wordpress\/wp-content\/uploads\/2025\/05\/card-blog1-1-768x512.jpg 768w, https:\/\/mmushla.bplaced.net\/wordpress\/wp-content\/uploads\/2025\/05\/card-blog1-1-360x240.jpg 360w\" sizes=\"auto, (max-width: 800px) 100vw, 800px\" \/><\/figure>\n<\/figure>\n","protected":false},"excerpt":{"rendered":"<p>Eine \u00dcbersicht der sch\u00f6nsten Wanderungen in Ober\u00f6sterreich<\/p>\n","protected":false},"author":1,"featured_media":0,"parent":0,"menu_order":0,"comment_status":"closed","ping_status":"closed","template":"","meta":{"footnotes":""},"class_list":["post-68","page","type-page","status-publish","hentry"],"yoast_head":"<!-- This site is optimized with the Yoast SEO plugin v27.2 - https:\/\/yoast.com\/product\/yoast-seo-wordpress\/ -->\n<title>Wanderung - Medina<\/title>\n<meta name=\"robots\" content=\"index, follow, max-snippet:-1, max-image-preview:large, max-video-preview:-1\" \/>\n<link rel=\"canonical\" href=\"https:\/\/mmushla.bplaced.net\/wordpress\/wanderung\/\" \/>\n<meta property=\"og:locale\" content=\"de_DE\" \/>\n<meta property=\"og:type\" content=\"article\" \/>\n<meta property=\"og:title\" content=\"Wanderung - Medina\" \/>\n<meta property=\"og:description\" content=\"Eine \u00dcbersicht der sch\u00f6nsten Wanderungen in Ober\u00f6sterreich\" \/>\n<meta property=\"og:url\" content=\"https:\/\/mmushla.bplaced.net\/wordpress\/wanderung\/\" \/>\n<meta property=\"og:site_name\" content=\"Medina\" \/>\n<meta property=\"og:image\" content=\"https:\/\/mmushla.bplaced.net\/wordpress\/wp-content\/uploads\/2025\/05\/card-blog4-1.jpg\" \/>\n\t<meta property=\"og:image:width\" content=\"752\" \/>\n\t<meta property=\"og:image:height\" content=\"500\" \/>\n\t<meta property=\"og:image:type\" content=\"image\/jpeg\" \/>\n<meta name=\"twitter:card\" content=\"summary_large_image\" \/>\n<script type=\"application\/ld+json\" class=\"yoast-schema-graph\">{\"@context\":\"https:\/\/schema.org\",\"@graph\":[{\"@type\":\"WebPage\",\"@id\":\"https:\/\/mmushla.bplaced.net\/wordpress\/wanderung\/\",\"url\":\"https:\/\/mmushla.bplaced.net\/wordpress\/wanderung\/\",\"name\":\"Wanderung - Medina\",\"isPartOf\":{\"@id\":\"https:\/\/mmushla.bplaced.net\/wordpress\/#website\"},\"primaryImageOfPage\":{\"@id\":\"https:\/\/mmushla.bplaced.net\/wordpress\/wanderung\/#primaryimage\"},\"image\":{\"@id\":\"https:\/\/mmushla.bplaced.net\/wordpress\/wanderung\/#primaryimage\"},\"thumbnailUrl\":\"https:\/\/mmushla.bplaced.net\/wordpress\/wp-content\/uploads\/2025\/05\/card-blog4-1.jpg\",\"datePublished\":\"2025-05-27T13:08:01+00:00\",\"breadcrumb\":{\"@id\":\"https:\/\/mmushla.bplaced.net\/wordpress\/wanderung\/#breadcrumb\"},\"inLanguage\":\"de\",\"potentialAction\":[{\"@type\":\"ReadAction\",\"target\":[\"https:\/\/mmushla.bplaced.net\/wordpress\/wanderung\/\"]}]},{\"@type\":\"ImageObject\",\"inLanguage\":\"de\",\"@id\":\"https:\/\/mmushla.bplaced.net\/wordpress\/wanderung\/#primaryimage\",\"url\":\"https:\/\/mmushla.bplaced.net\/wordpress\/wp-content\/uploads\/2025\/05\/card-blog4-1.jpg\",\"contentUrl\":\"https:\/\/mmushla.bplaced.net\/wordpress\/wp-content\/uploads\/2025\/05\/card-blog4-1.jpg\",\"width\":752,\"height\":500},{\"@type\":\"BreadcrumbList\",\"@id\":\"https:\/\/mmushla.bplaced.net\/wordpress\/wanderung\/#breadcrumb\",\"itemListElement\":[{\"@type\":\"ListItem\",\"position\":1,\"name\":\"Startseite\",\"item\":\"https:\/\/mmushla.bplaced.net\/wordpress\/\"},{\"@type\":\"ListItem\",\"position\":2,\"name\":\"Wanderung\"}]},{\"@type\":\"WebSite\",\"@id\":\"https:\/\/mmushla.bplaced.net\/wordpress\/#website\",\"url\":\"https:\/\/mmushla.bplaced.net\/wordpress\/\",\"name\":\"Medina\",\"description\":\"Webdesign f\u00fcr Anf\u00e4nger\",\"potentialAction\":[{\"@type\":\"SearchAction\",\"target\":{\"@type\":\"EntryPoint\",\"urlTemplate\":\"https:\/\/mmushla.bplaced.net\/wordpress\/?s={search_term_string}\"},\"query-input\":{\"@type\":\"PropertyValueSpecification\",\"valueRequired\":true,\"valueName\":\"search_term_string\"}}],\"inLanguage\":\"de\"}]}<\/script>\n<!-- \/ Yoast SEO plugin. -->","yoast_head_json":{"title":"Wanderung - Medina","robots":{"index":"index","follow":"follow","max-snippet":"max-snippet:-1","max-image-preview":"max-image-preview:large","max-video-preview":"max-video-preview:-1"},"canonical":"https:\/\/mmushla.bplaced.net\/wordpress\/wanderung\/","og_locale":"de_DE","og_type":"article","og_title":"Wanderung - Medina","og_description":"Eine \u00dcbersicht der sch\u00f6nsten Wanderungen in Ober\u00f6sterreich","og_url":"https:\/\/mmushla.bplaced.net\/wordpress\/wanderung\/","og_site_name":"Medina","og_image":[{"width":752,"height":500,"url":"https:\/\/mmushla.bplaced.net\/wordpress\/wp-content\/uploads\/2025\/05\/card-blog4-1.jpg","type":"image\/jpeg"}],"twitter_card":"summary_large_image","schema":{"@context":"https:\/\/schema.org","@graph":[{"@type":"WebPage","@id":"https:\/\/mmushla.bplaced.net\/wordpress\/wanderung\/","url":"https:\/\/mmushla.bplaced.net\/wordpress\/wanderung\/","name":"Wanderung - Medina","isPartOf":{"@id":"https:\/\/mmushla.bplaced.net\/wordpress\/#website"},"primaryImageOfPage":{"@id":"https:\/\/mmushla.bplaced.net\/wordpress\/wanderung\/#primaryimage"},"image":{"@id":"https:\/\/mmushla.bplaced.net\/wordpress\/wanderung\/#primaryimage"},"thumbnailUrl":"https:\/\/mmushla.bplaced.net\/wordpress\/wp-content\/uploads\/2025\/05\/card-blog4-1.jpg","datePublished":"2025-05-27T13:08:01+00:00","breadcrumb":{"@id":"https:\/\/mmushla.bplaced.net\/wordpress\/wanderung\/#breadcrumb"},"inLanguage":"de","potentialAction":[{"@type":"ReadAction","target":["https:\/\/mmushla.bplaced.net\/wordpress\/wanderung\/"]}]},{"@type":"ImageObject","inLanguage":"de","@id":"https:\/\/mmushla.bplaced.net\/wordpress\/wanderung\/#primaryimage","url":"https:\/\/mmushla.bplaced.net\/wordpress\/wp-content\/uploads\/2025\/05\/card-blog4-1.jpg","contentUrl":"https:\/\/mmushla.bplaced.net\/wordpress\/wp-content\/uploads\/2025\/05\/card-blog4-1.jpg","width":752,"height":500},{"@type":"BreadcrumbList","@id":"https:\/\/mmushla.bplaced.net\/wordpress\/wanderung\/#breadcrumb","itemListElement":[{"@type":"ListItem","position":1,"name":"Startseite","item":"https:\/\/mmushla.bplaced.net\/wordpress\/"},{"@type":"ListItem","position":2,"name":"Wanderung"}]},{"@type":"WebSite","@id":"https:\/\/mmushla.bplaced.net\/wordpress\/#website","url":"https:\/\/mmushla.bplaced.net\/wordpress\/","name":"Medina","description":"Webdesign f\u00fcr Anf\u00e4nger","potentialAction":[{"@type":"SearchAction","target":{"@type":"EntryPoint","urlTemplate":"https:\/\/mmushla.bplaced.net\/wordpress\/?s={search_term_string}"},"query-input":{"@type":"PropertyValueSpecification","valueRequired":true,"valueName":"search_term_string"}}],"inLanguage":"de"}]}},"_links":{"self":[{"href":"https:\/\/mmushla.bplaced.net\/wordpress\/wp-json\/wp\/v2\/pages\/68","targetHints":{"allow":["GET"]}}],"collection":[{"href":"https:\/\/mmushla.bplaced.net\/wordpress\/wp-json\/wp\/v2\/pages"}],"about":[{"href":"https:\/\/mmushla.bplaced.net\/wordpress\/wp-json\/wp\/v2\/types\/page"}],"author":[{"embeddable":true,"href":"https:\/\/mmushla.bplaced.net\/wordpress\/wp-json\/wp\/v2\/users\/1"}],"replies":[{"embeddable":true,"href":"https:\/\/mmushla.bplaced.net\/wordpress\/wp-json\/wp\/v2\/comments?post=68"}],"version-history":[{"count":1,"href":"https:\/\/mmushla.bplaced.net\/wordpress\/wp-json\/wp\/v2\/pages\/68\/revisions"}],"predecessor-version":[{"id":69,"href":"https:\/\/mmushla.bplaced.net\/wordpress\/wp-json\/wp\/v2\/pages\/68\/revisions\/69"}],"wp:attachment":[{"href":"https:\/\/mmushla.bplaced.net\/wordpress\/wp-json\/wp\/v2\/media?parent=68"}],"curies":[{"name":"wp","href":"https:\/\/api.w.org\/{rel}","templated":true}]}}